{"id":31,"date":"2019-04-13T14:23:43","date_gmt":"2019-04-13T14:23:43","guid":{"rendered":"http:\/\/brandschutzservice-schmaus.de\/?page_id=31"},"modified":"2019-07-25T08:40:38","modified_gmt":"2019-07-25T08:40:38","slug":"startseite","status":"publish","type":"page","link":"https:\/\/brandschutzservice-schmaus.de\/","title":{"rendered":"Startseite"},"content":{"rendered":"\n<p><\/p>\n\n\n\n<div class=\"wp-block-columns alignwide has-3-columns is-layout-flex wp-container-core-columns-is-layout-1 wp-block-columns-is-layout-flex\">\n<div class=\"wp-block-column is-layout-flow wp-block-column-is-layout-flow\">\n<div class=\"wp-block-image\"><figure class=\"aligncenter is-resized\"><a href=\"http:\/\/brandschutzservice-schmaus.de\/?page_id=61\"><img loading=\"lazy\" decoding=\"async\" src=\"http:\/\/brandschutzservice-schmaus.de\/wp-content\/uploads\/2019\/06\/Symbol-Feuerl\u00f6scher.png\" alt=\"\" class=\"wp-image-131\" width=\"177\" height=\"177\" srcset=\"https:\/\/brandschutzservice-schmaus.de\/wp-content\/uploads\/2019\/06\/Symbol-Feuerl\u00f6scher.png 354w, https:\/\/brandschutzservice-schmaus.de\/wp-content\/uploads\/2019\/06\/Symbol-Feuerl\u00f6scher-150x150.png 150w, https:\/\/brandschutzservice-schmaus.de\/wp-content\/uploads\/2019\/06\/Symbol-Feuerl\u00f6scher-300x300.png 300w\" sizes=\"(max-width: 177px) 100vw, 177px\" \/><\/a><\/figure><\/div>\n<\/div>\n\n\n\n<div class=\"wp-block-column is-layout-flow wp-block-column-is-layout-flow\">\n<div class=\"wp-block-image\"><figure class=\"aligncenter is-resized\"><a href=\"http:\/\/brandschutzservice-schmaus.de\/?page_id=47\"><img loading=\"lazy\" decoding=\"async\" src=\"http:\/\/brandschutzservice-schmaus.de\/wp-content\/uploads\/2019\/06\/Symbol-RWA.png\" alt=\"\" class=\"wp-image-138\" width=\"177\" height=\"177\" srcset=\"https:\/\/brandschutzservice-schmaus.de\/wp-content\/uploads\/2019\/06\/Symbol-RWA.png 354w, https:\/\/brandschutzservice-schmaus.de\/wp-content\/uploads\/2019\/06\/Symbol-RWA-150x150.png 150w, https:\/\/brandschutzservice-schmaus.de\/wp-content\/uploads\/2019\/06\/Symbol-RWA-300x300.png 300w\" sizes=\"(max-width: 177px) 100vw, 177px\" \/><\/a><\/figure><\/div>\n<\/div>\n\n\n\n<div class=\"wp-block-column is-layout-flow wp-block-column-is-layout-flow\">\n<div class=\"wp-block-image\"><figure class=\"aligncenter is-resized\"><a href=\"http:\/\/brandschutzservice-schmaus.de\/?page_id=49\"><img loading=\"lazy\" decoding=\"async\" src=\"http:\/\/brandschutzservice-schmaus.de\/wp-content\/uploads\/2019\/06\/Symbol-BST.png\" alt=\"\" class=\"wp-image-145\" width=\"177\" height=\"177\" srcset=\"https:\/\/brandschutzservice-schmaus.de\/wp-content\/uploads\/2019\/06\/Symbol-BST.png 354w, https:\/\/brandschutzservice-schmaus.de\/wp-content\/uploads\/2019\/06\/Symbol-BST-150x150.png 150w, https:\/\/brandschutzservice-schmaus.de\/wp-content\/uploads\/2019\/06\/Symbol-BST-300x300.png 300w\" sizes=\"(max-width: 177px) 100vw, 177px\" \/><\/a><\/figure><\/div>\n<\/div>\n<\/div>\n\n\n\n<div class=\"wp-block-columns alignwide has-3-columns is-layout-flex wp-container-core-columns-is-layout-2 wp-block-columns-is-layout-flex\">\n<div class=\"wp-block-column is-layout-flow wp-block-column-is-layout-flow\">\n<div class=\"wp-block-image\"><figure class=\"aligncenter is-resized\"><a href=\"http:\/\/brandschutzservice-schmaus.de\/?page_id=53\"><img loading=\"lazy\" decoding=\"async\" src=\"http:\/\/brandschutzservice-schmaus.de\/wp-content\/uploads\/2019\/06\/Symbol-Brandschutzbeauftragter.png\" alt=\"\" class=\"wp-image-150\" width=\"177\" height=\"177\" srcset=\"https:\/\/brandschutzservice-schmaus.de\/wp-content\/uploads\/2019\/06\/Symbol-Brandschutzbeauftragter.png 354w, https:\/\/brandschutzservice-schmaus.de\/wp-content\/uploads\/2019\/06\/Symbol-Brandschutzbeauftragter-150x150.png 150w, https:\/\/brandschutzservice-schmaus.de\/wp-content\/uploads\/2019\/06\/Symbol-Brandschutzbeauftragter-300x300.png 300w\" sizes=\"(max-width: 177px) 100vw, 177px\" \/><\/a><\/figure><\/div>\n<\/div>\n\n\n\n<div class=\"wp-block-column is-layout-flow wp-block-column-is-layout-flow\">\n<div class=\"wp-block-image\"><figure class=\"aligncenter is-resized\"><a href=\"http:\/\/brandschutzservice-schmaus.de\/?page_id=55\"><img loading=\"lazy\" decoding=\"async\" src=\"http:\/\/brandschutzservice-schmaus.de\/wp-content\/uploads\/2019\/06\/Symbol-Schullung.png\" alt=\"\" class=\"wp-image-165\" width=\"177\" height=\"177\" srcset=\"https:\/\/brandschutzservice-schmaus.de\/wp-content\/uploads\/2019\/06\/Symbol-Schullung.png 354w, https:\/\/brandschutzservice-schmaus.de\/wp-content\/uploads\/2019\/06\/Symbol-Schullung-150x150.png 150w, https:\/\/brandschutzservice-schmaus.de\/wp-content\/uploads\/2019\/06\/Symbol-Schullung-300x300.png 300w\" sizes=\"(max-width: 177px) 100vw, 177px\" \/><\/a><\/figure><\/div>\n<\/div>\n\n\n\n<div class=\"wp-block-column is-layout-flow wp-block-column-is-layout-flow\">\n<div class=\"wp-block-image\"><figure class=\"aligncenter is-resized\"><a href=\"http:\/\/brandschutzservice-schmaus.de\/?page_id=14\"><img loading=\"lazy\" decoding=\"async\" src=\"http:\/\/brandschutzservice-schmaus.de\/wp-content\/uploads\/2019\/06\/Symbol-Kontakt.png\" alt=\"\" class=\"wp-image-161\" width=\"177\" height=\"177\" srcset=\"https:\/\/brandschutzservice-schmaus.de\/wp-content\/uploads\/2019\/06\/Symbol-Kontakt.png 354w, https:\/\/brandschutzservice-schmaus.de\/wp-content\/uploads\/2019\/06\/Symbol-Kontakt-150x150.png 150w, https:\/\/brandschutzservice-schmaus.de\/wp-content\/uploads\/2019\/06\/Symbol-Kontakt-300x300.png 300w\" sizes=\"(max-width: 177px) 100vw, 177px\" \/><\/a><\/figure><\/div>\n<\/div>\n<\/div>\n\n\n\n<p style=\"text-align:left\" class=\"has-drop-cap has-medium-font-size\">Willkommen auf der Internetpr\u00e4senz von Brandschutzservice Schmaus. Der Brandschutzservice Schmaus ist aus der Firma Feuerschutz Schmaus entstanden. F\u00fcr Sie als Kunde \u00e4ndert sich jedoch nichts. Wie auch bisher sind wir Ihr regionaler Partner rund um das Thema Brandschutz und das schon seit 1986. Egal ob der Feuerl\u00f6scher f\u00fcr den Privatkunden oder der externe Brandschutzbeauftragte f\u00fcr Ihr Unternehmen. Wir unterst\u00fctzen Sie wo wir nur k\u00f6nnen! Erkundigen Sie sich auf dieser Website \u00fcber unsere Firma und \u00fcber unsere Produkte und Leistungen. Falls Sie Fragen haben k\u00f6nnen Sie jederzeit Kontakt mit uns aufnehmen.<\/p>\n\n\n\n<p class=\"has-medium-font-size\">Die Firma\u00a0<strong>Brandschutzservice Schmaus<\/strong> ist aus der Firma Feuerschutz Schmaus e.K. entstanden. Telefonnummer, Adresse, Ansprechpartner und Mitarbeiter sind nach wie vor die gleichen. Wir sind seit 1986\u00a0<strong>Partner\u00a0<\/strong>rund um das Thema\u00a0<strong>Brandschutz.<\/strong> Egal ob Feuerl\u00f6scher ben\u00f6tigt werden, eine Wartung s\u00e4mtlicher Brandschutzeinrichtungen (Ausnahme Brandmeldeanlagen und Sprinkleranlagen) oder ein externer Brandschutzbeauftragter. Erkundigen Sie sich auf den nachfolgenden Seiten \u00fcber unsere Produkte und Leistungen.\u00a0<br>F\u00fcr Fragen stehen wir Ihnen gerne, telefonisch, per mail oder pers\u00f6nlich zur Verf\u00fcgung.<\/p>\n","protected":false},"excerpt":{"rendered":"<p>Willkommen auf der Internetpr\u00e4senz von Brandschutzservice Schmaus. Der Brandschutzservice Schmaus ist aus der Firma Feuerschutz Schmaus entstanden. F\u00fcr Sie als Kunde \u00e4ndert sich jedoch nichts. Wie auch bisher sind wir Ihr regionaler Partner rund um das Thema Brandschutz und das schon seit 1986. Egal ob der Feuerl\u00f6scher f\u00fcr den Privatkunden oder der externe Brandschutzbeauftragte f\u00fcr &#8230; <a title=\"Startseite\" class=\"read-more\" href=\"https:\/\/brandschutzservice-schmaus.de\/\" aria-label=\"Mehr Informationen \u00fcber Startseite\">Weiterlesen<\/a><\/p>\n","protected":false},"author":1,"featured_media":0,"parent":0,"menu_order":0,"comment_status":"closed","ping_status":"closed","template":"","meta":{"footnotes":""},"_links":{"self":[{"href":"https:\/\/brandschutzservice-schmaus.de\/index.php?rest_route=\/wp\/v2\/pages\/31"}],"collection":[{"href":"https:\/\/brandschutzservice-schmaus.de\/index.php?rest_route=\/wp\/v2\/pages"}],"about":[{"href":"https:\/\/brandschutzservice-schmaus.de\/index.php?rest_route=\/wp\/v2\/types\/page"}],"author":[{"embeddable":true,"href":"https:\/\/brandschutzservice-schmaus.de\/index.php?rest_route=\/wp\/v2\/users\/1"}],"replies":[{"embeddable":true,"href":"https:\/\/brandschutzservice-schmaus.de\/index.php?rest_route=%2Fwp%2Fv2%2Fcomments&post=31"}],"version-history":[{"count":29,"href":"https:\/\/brandschutzservice-schmaus.de\/index.php?rest_route=\/wp\/v2\/pages\/31\/revisions"}],"predecessor-version":[{"id":203,"href":"https:\/\/brandschutzservice-schmaus.de\/index.php?rest_route=\/wp\/v2\/pages\/31\/revisions\/203"}],"wp:attachment":[{"href":"https:\/\/brandschutzservice-schmaus.de\/index.php?rest_route=%2Fwp%2Fv2%2Fmedia&parent=31"}],"curies":[{"name":"wp","href":"https:\/\/api.w.org\/{rel}","templated":true}]}}