{"id":49,"date":"2019-04-13T14:54:23","date_gmt":"2019-04-13T14:54:23","guid":{"rendered":"http:\/\/brandschutzservice-schmaus.de\/?page_id=49"},"modified":"2019-07-25T08:57:37","modified_gmt":"2019-07-25T08:57:37","slug":"feuer-rauchschutzabschluesse","status":"publish","type":"page","link":"https:\/\/brandschutzservice-schmaus.de\/?page_id=49","title":{"rendered":"Feuer- &#038; Rauchschutzabschl\u00fcsse"},"content":{"rendered":"\n<div class=\"wp-block-image\"><figure class=\"alignright is-resized\"><img loading=\"lazy\" decoding=\"async\" src=\"http:\/\/brandschutzservice-schmaus.de\/wp-content\/uploads\/2019\/06\/Symbol-BST.png\" alt=\"\" class=\"wp-image-145\" width=\"177\" height=\"177\" srcset=\"https:\/\/brandschutzservice-schmaus.de\/wp-content\/uploads\/2019\/06\/Symbol-BST.png 354w, https:\/\/brandschutzservice-schmaus.de\/wp-content\/uploads\/2019\/06\/Symbol-BST-150x150.png 150w, https:\/\/brandschutzservice-schmaus.de\/wp-content\/uploads\/2019\/06\/Symbol-BST-300x300.png 300w\" sizes=\"(max-width: 177px) 100vw, 177px\" \/><\/figure><\/div>\n\n\n\n<p>Zu unserem Aufgabengebiet geh\u00f6rt auch die Wartung von<\/p>\n\n\n\n<ul><li>Brandschutzt\u00fcren<\/li><li>Brandschutztore<\/li><li>Brandschutzklappen<\/li><li>Feststellanlagen<\/li><\/ul>\n\n\n\n<div class=\"wp-block-media-text alignwide\" style=\"grid-template-columns:10% auto\"><figure class=\"wp-block-media-text__media\"><img loading=\"lazy\" decoding=\"async\" width=\"354\" height=\"354\" src=\"http:\/\/brandschutzservice-schmaus.de\/wp-content\/uploads\/2019\/06\/Symbol-Info.png\" alt=\"\" class=\"wp-image-132\" srcset=\"https:\/\/brandschutzservice-schmaus.de\/wp-content\/uploads\/2019\/06\/Symbol-Info.png 354w, https:\/\/brandschutzservice-schmaus.de\/wp-content\/uploads\/2019\/06\/Symbol-Info-150x150.png 150w, https:\/\/brandschutzservice-schmaus.de\/wp-content\/uploads\/2019\/06\/Symbol-Info-300x300.png 300w\" sizes=\"(max-width: 354px) 100vw, 354px\" \/><\/figure><div class=\"wp-block-media-text__content\">\n<h3 class=\"wp-block-heading\"><strong>Wissenswert:<\/strong><\/h3>\n\n\n\n<ul><li>Wartungsintervall alle Brandschutzabschl\u00fcsse: j\u00e4hrliche Wartung<\/li><li>Brandschutzt\u00fcren m\u00fcssen selbstschlie\u00dfend sein<\/li><\/ul>\n<\/div><\/div>\n\n\n\n<p><\/p>\n","protected":false},"excerpt":{"rendered":"<p>Zu unserem Aufgabengebiet geh\u00f6rt auch die Wartung von Brandschutzt\u00fcren Brandschutztore Brandschutzklappen Feststellanlagen Wissenswert: Wartungsintervall alle Brandschutzabschl\u00fcsse: j\u00e4hrliche Wartung Brandschutzt\u00fcren m\u00fcssen selbstschlie\u00dfend sein<\/p>\n","protected":false},"author":1,"featured_media":0,"parent":11,"menu_order":0,"comment_status":"closed","ping_status":"closed","template":"","meta":{"footnotes":""},"_links":{"self":[{"href":"https:\/\/brandschutzservice-schmaus.de\/index.php?rest_route=\/wp\/v2\/pages\/49"}],"collection":[{"href":"https:\/\/brandschutzservice-schmaus.de\/index.php?rest_route=\/wp\/v2\/pages"}],"about":[{"href":"https:\/\/brandschutzservice-schmaus.de\/index.php?rest_route=\/wp\/v2\/types\/page"}],"author":[{"embeddable":true,"href":"https:\/\/brandschutzservice-schmaus.de\/index.php?rest_route=\/wp\/v2\/users\/1"}],"replies":[{"embeddable":true,"href":"https:\/\/brandschutzservice-schmaus.de\/index.php?rest_route=%2Fwp%2Fv2%2Fcomments&post=49"}],"version-history":[{"count":6,"href":"https:\/\/brandschutzservice-schmaus.de\/index.php?rest_route=\/wp\/v2\/pages\/49\/revisions"}],"predecessor-version":[{"id":206,"href":"https:\/\/brandschutzservice-schmaus.de\/index.php?rest_route=\/wp\/v2\/pages\/49\/revisions\/206"}],"up":[{"embeddable":true,"href":"https:\/\/brandschutzservice-schmaus.de\/index.php?rest_route=\/wp\/v2\/pages\/11"}],"wp:attachment":[{"href":"https:\/\/brandschutzservice-schmaus.de\/index.php?rest_route=%2Fwp%2Fv2%2Fmedia&parent=49"}],"curies":[{"name":"wp","href":"https:\/\/api.w.org\/{rel}","templated":true}]}}