{"id":53,"date":"2019-04-13T15:09:31","date_gmt":"2019-04-13T15:09:31","guid":{"rendered":"http:\/\/brandschutzservice-schmaus.de\/?page_id=53"},"modified":"2019-05-23T14:29:42","modified_gmt":"2019-05-23T14:29:42","slug":"externer-brandschutzbeauftragter","status":"publish","type":"page","link":"https:\/\/brandschutzservice-schmaus.de\/?page_id=53","title":{"rendered":"Externer Brandschutzbeauftragter"},"content":{"rendered":"\n<div class=\"wp-block-image\"><figure class=\"alignright is-resized\"><img loading=\"lazy\" decoding=\"async\" src=\"http:\/\/brandschutzservice-schmaus.de\/wp-content\/uploads\/2019\/05\/Symbol-Brandschutzbeauftragter.png\" alt=\"\" class=\"wp-image-91\" width=\"200\" height=\"200\" srcset=\"https:\/\/brandschutzservice-schmaus.de\/wp-content\/uploads\/2019\/05\/Symbol-Brandschutzbeauftragter.png 354w, https:\/\/brandschutzservice-schmaus.de\/wp-content\/uploads\/2019\/05\/Symbol-Brandschutzbeauftragter-150x150.png 150w, https:\/\/brandschutzservice-schmaus.de\/wp-content\/uploads\/2019\/05\/Symbol-Brandschutzbeauftragter-300x300.png 300w\" sizes=\"(max-width: 200px) 100vw, 200px\" \/><\/figure><\/div>\n\n\n\n<p>Ihr Unternehmen ben\u00f6tigt einen Brandschutzbeauftragten? Dann sind Sie bei uns genau richtig. Wir unterst\u00fctzen Sie bei dem elementaren Thema Brandschutz und erarbeiten zusammen mit Ihnen Ideen und L\u00f6sungen um den vorbeugenden Brandschutz in Ihrem Betrieb zu gew\u00e4hrleisten.<\/p>\n\n\n\n<p><strong>Vorteile eines externen Brandschutzbeauftragten:<\/strong><\/p>\n\n\n\n<ul><li>Abrechnung nach Aufwand<\/li><li>Anpassung an Unternehmensgr\u00f6\u00dfe<\/li><li>kein unreflektiertes Handeln (Betriebsblindheit)<\/li><li>sachliche und objektive Kommunikation gegen\u00fcber der Gesch\u00e4ftsf\u00fchrung<\/li><li>Erfahrung im Umgang mit Beh\u00f6rden, Fachplanern und Feuerwehren<\/li><li>Erfahrung und Routine im Bereich Brandschutz<\/li><\/ul>\n","protected":false},"excerpt":{"rendered":"<p>Ihr Unternehmen ben\u00f6tigt einen Brandschutzbeauftragten? Dann sind Sie bei uns genau richtig. Wir unterst\u00fctzen Sie bei dem elementaren Thema Brandschutz und erarbeiten zusammen mit Ihnen Ideen und L\u00f6sungen um den vorbeugenden Brandschutz in Ihrem Betrieb zu gew\u00e4hrleisten. Vorteile eines externen Brandschutzbeauftragten: Abrechnung nach Aufwand Anpassung an Unternehmensgr\u00f6\u00dfe kein unreflektiertes Handeln (Betriebsblindheit) sachliche und objektive Kommunikation &#8230; <a title=\"Externer Brandschutzbeauftragter\" class=\"read-more\" href=\"https:\/\/brandschutzservice-schmaus.de\/?page_id=53\" aria-label=\"Mehr Informationen \u00fcber Externer Brandschutzbeauftragter\">Weiterlesen<\/a><\/p>\n","protected":false},"author":1,"featured_media":0,"parent":11,"menu_order":0,"comment_status":"closed","ping_status":"closed","template":"","meta":{"footnotes":""},"_links":{"self":[{"href":"https:\/\/brandschutzservice-schmaus.de\/index.php?rest_route=\/wp\/v2\/pages\/53"}],"collection":[{"href":"https:\/\/brandschutzservice-schmaus.de\/index.php?rest_route=\/wp\/v2\/pages"}],"about":[{"href":"https:\/\/brandschutzservice-schmaus.de\/index.php?rest_route=\/wp\/v2\/types\/page"}],"author":[{"embeddable":true,"href":"https:\/\/brandschutzservice-schmaus.de\/index.php?rest_route=\/wp\/v2\/users\/1"}],"replies":[{"embeddable":true,"href":"https:\/\/brandschutzservice-schmaus.de\/index.php?rest_route=%2Fwp%2Fv2%2Fcomments&post=53"}],"version-history":[{"count":2,"href":"https:\/\/brandschutzservice-schmaus.de\/index.php?rest_route=\/wp\/v2\/pages\/53\/revisions"}],"predecessor-version":[{"id":95,"href":"https:\/\/brandschutzservice-schmaus.de\/index.php?rest_route=\/wp\/v2\/pages\/53\/revisions\/95"}],"up":[{"embeddable":true,"href":"https:\/\/brandschutzservice-schmaus.de\/index.php?rest_route=\/wp\/v2\/pages\/11"}],"wp:attachment":[{"href":"https:\/\/brandschutzservice-schmaus.de\/index.php?rest_route=%2Fwp%2Fv2%2Fmedia&parent=53"}],"curies":[{"name":"wp","href":"https:\/\/api.w.org\/{rel}","templated":true}]}}