{"id":55,"date":"2019-04-13T15:18:24","date_gmt":"2019-04-13T15:18:24","guid":{"rendered":"http:\/\/brandschutzservice-schmaus.de\/?page_id=55"},"modified":"2019-07-25T09:05:57","modified_gmt":"2019-07-25T09:05:57","slug":"schulung-weiterbildung","status":"publish","type":"page","link":"https:\/\/brandschutzservice-schmaus.de\/?page_id=55","title":{"rendered":"Schulung &#038; Weiterbildung"},"content":{"rendered":"\n<div class=\"wp-block-image\"><figure class=\"alignright is-resized\"><img loading=\"lazy\" decoding=\"async\" src=\"http:\/\/brandschutzservice-schmaus.de\/wp-content\/uploads\/2019\/06\/Symbol-Schullung.png\" alt=\"\" class=\"wp-image-165\" width=\"177\" height=\"177\" srcset=\"https:\/\/brandschutzservice-schmaus.de\/wp-content\/uploads\/2019\/06\/Symbol-Schullung.png 354w, https:\/\/brandschutzservice-schmaus.de\/wp-content\/uploads\/2019\/06\/Symbol-Schullung-150x150.png 150w, https:\/\/brandschutzservice-schmaus.de\/wp-content\/uploads\/2019\/06\/Symbol-Schullung-300x300.png 300w\" sizes=\"(max-width: 177px) 100vw, 177px\" \/><\/figure><\/div>\n\n\n\n<p>Was bringt der beste Feuerl\u00f6scher, wenn Ihn niemand bedienen kann. Egal ob Friseursalon, Baumarkt oder Fertigungsbetrieb. Jeder Ihrer Mitarbeiter sollte mit dem Umgang eines Feuerl\u00f6schers vertraut sein. Deshalb bilden wir Sie in einer theoretischen Schulung rund um das Thema Brandschutz weiter und zeigen Ihnen im Anschluss praktisch mit einer mobilen Brandsimulationsanlage die richtige Handhabung der L\u00f6schger\u00e4te. <br><\/p>\n\n\n\n<div class=\"wp-block-image\"><figure class=\"aligncenter is-resized\"><img loading=\"lazy\" decoding=\"async\" src=\"http:\/\/brandschutzservice-schmaus.de\/wp-content\/uploads\/2019\/04\/Bildschirmfoto-2019-04-13-um-17.15.01.png\" alt=\"\" class=\"wp-image-56\" width=\"234\" height=\"270\" srcset=\"https:\/\/brandschutzservice-schmaus.de\/wp-content\/uploads\/2019\/04\/Bildschirmfoto-2019-04-13-um-17.15.01.png 468w, https:\/\/brandschutzservice-schmaus.de\/wp-content\/uploads\/2019\/04\/Bildschirmfoto-2019-04-13-um-17.15.01-260x300.png 260w\" sizes=\"(max-width: 234px) 100vw, 234px\" \/><figcaption>\u00dcbungsger\u00e4t f\u00fcr Feuerl\u00f6scherschulung<\/figcaption><\/figure><\/div>\n\n\n\n<h2 class=\"wp-block-heading\">Schulungsangebot:<\/h2>\n\n\n\n<ul><li>Brandschutzunterweisung inkl. praktischer Ausbildung<\/li><li>Ausbildung als Brandschutzhelfer<\/li><\/ul>\n","protected":false},"excerpt":{"rendered":"<p>Was bringt der beste Feuerl\u00f6scher, wenn Ihn niemand bedienen kann. Egal ob Friseursalon, Baumarkt oder Fertigungsbetrieb. Jeder Ihrer Mitarbeiter sollte mit dem Umgang eines Feuerl\u00f6schers vertraut sein. Deshalb bilden wir Sie in einer theoretischen Schulung rund um das Thema Brandschutz weiter und zeigen Ihnen im Anschluss praktisch mit einer mobilen Brandsimulationsanlage die richtige Handhabung der &#8230; <a title=\"Schulung &#038; Weiterbildung\" class=\"read-more\" href=\"https:\/\/brandschutzservice-schmaus.de\/?page_id=55\" aria-label=\"Mehr Informationen \u00fcber Schulung &#038; Weiterbildung\">Weiterlesen<\/a><\/p>\n","protected":false},"author":1,"featured_media":0,"parent":11,"menu_order":0,"comment_status":"closed","ping_status":"closed","template":"","meta":{"footnotes":""},"_links":{"self":[{"href":"https:\/\/brandschutzservice-schmaus.de\/index.php?rest_route=\/wp\/v2\/pages\/55"}],"collection":[{"href":"https:\/\/brandschutzservice-schmaus.de\/index.php?rest_route=\/wp\/v2\/pages"}],"about":[{"href":"https:\/\/brandschutzservice-schmaus.de\/index.php?rest_route=\/wp\/v2\/types\/page"}],"author":[{"embeddable":true,"href":"https:\/\/brandschutzservice-schmaus.de\/index.php?rest_route=\/wp\/v2\/users\/1"}],"replies":[{"embeddable":true,"href":"https:\/\/brandschutzservice-schmaus.de\/index.php?rest_route=%2Fwp%2Fv2%2Fcomments&post=55"}],"version-history":[{"count":3,"href":"https:\/\/brandschutzservice-schmaus.de\/index.php?rest_route=\/wp\/v2\/pages\/55\/revisions"}],"predecessor-version":[{"id":208,"href":"https:\/\/brandschutzservice-schmaus.de\/index.php?rest_route=\/wp\/v2\/pages\/55\/revisions\/208"}],"up":[{"embeddable":true,"href":"https:\/\/brandschutzservice-schmaus.de\/index.php?rest_route=\/wp\/v2\/pages\/11"}],"wp:attachment":[{"href":"https:\/\/brandschutzservice-schmaus.de\/index.php?rest_route=%2Fwp%2Fv2%2Fmedia&parent=55"}],"curies":[{"name":"wp","href":"https:\/\/api.w.org\/{rel}","templated":true}]}}